{"id":477,"date":"2019-06-22T12:30:36","date_gmt":"2019-06-22T12:30:36","guid":{"rendered":"https:\/\/radiobutiabrasil.com\/?post_type=product&#038;p=477"},"modified":"2019-06-24T12:08:05","modified_gmt":"2019-06-24T12:08:05","slug":"associado-institucional-premium","status":"publish","type":"product","link":"https:\/\/radiobutiabrasil.com\/?product=associado-institucional-premium","title":{"rendered":"ASSOCIADO INSTITUCIONAL PREMIUM (at\u00e9 300 conex\u00f5es)"},"content":{"rendered":"","protected":false},"excerpt":{"rendered":"<p>Para centros educativos p\u00fablicos e privados, escolas, espa\u00e7os recreativos, hospitais, universidades, bibliotecas e centros culturais que tenham seu trabalho dirigido \u00e0 inf\u00e2ncia.<\/p>\n<p>Podem acessar a todos os conte\u00fados da R\u00e1dio Buti\u00e1 por um custo anual sem contrato e sem obriga\u00e7\u00e3o de continuidade.<\/p>\n<p><strong>Pago via Paypal U$165<\/strong> (por onde deve vincular seu cart\u00e3o criando um usu\u00e1rio no www.paypal.com).<br \/>\nCom essa assinatura poder\u00e1 conectar at\u00e9 300 ouvintes, sejam as crian\u00e7as ou qualquer integrante da comunidade ou institui\u00e7\u00e3o associada.<br \/>\n<strong>Depois de fazer-se S\u00f3cio Colaborador Institucional Premium<\/strong>, receber\u00e1 um email com o <strong>cupom de desconto para registrar at\u00e9 300 usu\u00e1rios gr\u00e1tis.<\/strong><\/p>\n","protected":false},"featured_media":78,"comment_status":"closed","ping_status":"closed","template":"","meta":{"_coblocks_attr":"","_coblocks_dimensions":"","_coblocks_responsive_height":"","_coblocks_accordion_ie_support":"","_uag_custom_page_level_css":""},"product_cat":[15],"product_tag":[],"class_list":{"0":"post-477","1":"product","2":"type-product","3":"status-publish","4":"has-post-thumbnail","6":"product_cat-sin-categorizar","8":"first","9":"instock","10":"sold-individually","11":"shipping-taxable","12":"purchasable","13":"product-type-simple"},"yoast_head":"<!-- This site is optimized with the Yoast SEO plugin v26.6 - https:\/\/yoast.com\/wordpress\/plugins\/seo\/ -->\n<title>ASSOCIADO INSTITUCIONAL PREMIUM (at\u00e9 300 conex\u00f5es) - Radio Buti\u00e1 Brasil<\/title>\n<meta name=\"robots\" content=\"index, follow, max-snippet:-1, max-image-preview:large, max-video-preview:-1\" \/>\n<link rel=\"canonical\" href=\"https:\/\/radiobutiabrasil.com\/?product=associado-institucional-premium\" \/>\n<meta property=\"og:locale\" content=\"pt_BR\" \/>\n<meta property=\"og:type\" content=\"article\" \/>\n<meta property=\"og:title\" content=\"ASSOCIADO INSTITUCIONAL PREMIUM (at\u00e9 300 conex\u00f5es) - Radio Buti\u00e1 Brasil\" \/>\n<meta property=\"og:description\" content=\"Para centros educativos p\u00fablicos e privados, escolas, espa\u00e7os recreativos, hospitais, universidades, bibliotecas e centros culturais que tenham seu trabalho dirigido \u00e0 inf\u00e2ncia.  Podem acessar a todos os conte\u00fados da R\u00e1dio Buti\u00e1 por um custo anual sem contrato e sem obriga\u00e7\u00e3o de continuidade.  Pago via Paypal U$165 (por onde deve vincular seu cart\u00e3o criando um usu\u00e1rio no www.paypal.com). Com essa assinatura poder\u00e1 conectar at\u00e9 300 ouvintes, sejam as crian\u00e7as ou qualquer integrante da comunidade ou institui\u00e7\u00e3o associada. Depois de fazer-se S\u00f3cio Colaborador Institucional Premium, receber\u00e1 um email com o cupom de desconto para registrar at\u00e9 300 usu\u00e1rios gr\u00e1tis.\" \/>\n<meta property=\"og:url\" content=\"https:\/\/radiobutiabrasil.com\/?product=associado-institucional-premium\" \/>\n<meta property=\"og:site_name\" content=\"Radio Buti\u00e1 Brasil\" \/>\n<meta property=\"article:modified_time\" content=\"2019-06-24T12:08:05+00:00\" \/>\n<meta property=\"og:image\" content=\"https:\/\/radiobutiabrasil.com\/wp-content\/uploads\/2019\/06\/back5.jpg\" \/>\n\t<meta property=\"og:image:width\" content=\"1950\" \/>\n\t<meta property=\"og:image:height\" content=\"500\" \/>\n\t<meta property=\"og:image:type\" content=\"image\/jpeg\" \/>\n<meta name=\"twitter:card\" content=\"summary_large_image\" \/>\n<script type=\"application\/ld+json\" class=\"yoast-schema-graph\">{\"@context\":\"https:\/\/schema.org\",\"@graph\":[{\"@type\":\"WebPage\",\"@id\":\"https:\/\/radiobutiabrasil.com\/?product=associado-institucional-premium\",\"url\":\"https:\/\/radiobutiabrasil.com\/?product=associado-institucional-premium\",\"name\":\"ASSOCIADO INSTITUCIONAL PREMIUM (at\u00e9 300 conex\u00f5es) - Radio Buti\u00e1 Brasil\",\"isPartOf\":{\"@id\":\"https:\/\/radiobutiabrasil.com\/#website\"},\"primaryImageOfPage\":{\"@id\":\"https:\/\/radiobutiabrasil.com\/?product=associado-institucional-premium#primaryimage\"},\"image\":{\"@id\":\"https:\/\/radiobutiabrasil.com\/?product=associado-institucional-premium#primaryimage\"},\"thumbnailUrl\":\"https:\/\/radiobutiabrasil.com\/wp-content\/uploads\/2019\/06\/back5.jpg\",\"datePublished\":\"2019-06-22T12:30:36+00:00\",\"dateModified\":\"2019-06-24T12:08:05+00:00\",\"breadcrumb\":{\"@id\":\"https:\/\/radiobutiabrasil.com\/?product=associado-institucional-premium#breadcrumb\"},\"inLanguage\":\"pt-BR\",\"potentialAction\":[{\"@type\":\"ReadAction\",\"target\":[\"https:\/\/radiobutiabrasil.com\/?product=associado-institucional-premium\"]}]},{\"@type\":\"ImageObject\",\"inLanguage\":\"pt-BR\",\"@id\":\"https:\/\/radiobutiabrasil.com\/?product=associado-institucional-premium#primaryimage\",\"url\":\"https:\/\/radiobutiabrasil.com\/wp-content\/uploads\/2019\/06\/back5.jpg\",\"contentUrl\":\"https:\/\/radiobutiabrasil.com\/wp-content\/uploads\/2019\/06\/back5.jpg\",\"width\":1950,\"height\":500},{\"@type\":\"BreadcrumbList\",\"@id\":\"https:\/\/radiobutiabrasil.com\/?product=associado-institucional-premium#breadcrumb\",\"itemListElement\":[{\"@type\":\"ListItem\",\"position\":1,\"name\":\"Portada\",\"item\":\"https:\/\/radiobutiabrasil.com\/\"},{\"@type\":\"ListItem\",\"position\":2,\"name\":\"ASSOCIADO INSTITUCIONAL PREMIUM (at\u00e9 300 conex\u00f5es)\"}]},{\"@type\":\"WebSite\",\"@id\":\"https:\/\/radiobutiabrasil.com\/#website\",\"url\":\"https:\/\/radiobutiabrasil.com\/\",\"name\":\"Radio Buti\u00e1 Brasil\",\"description\":\"a boa m\u00fasica pra toda a vida\",\"potentialAction\":[{\"@type\":\"SearchAction\",\"target\":{\"@type\":\"EntryPoint\",\"urlTemplate\":\"https:\/\/radiobutiabrasil.com\/?s={search_term_string}\"},\"query-input\":{\"@type\":\"PropertyValueSpecification\",\"valueRequired\":true,\"valueName\":\"search_term_string\"}}],\"inLanguage\":\"pt-BR\"}]}<\/script>\n<!-- \/ Yoast SEO plugin. -->","yoast_head_json":{"title":"ASSOCIADO INSTITUCIONAL PREMIUM (at\u00e9 300 conex\u00f5es) - Radio Buti\u00e1 Brasil","robots":{"index":"index","follow":"follow","max-snippet":"max-snippet:-1","max-image-preview":"max-image-preview:large","max-video-preview":"max-video-preview:-1"},"canonical":"https:\/\/radiobutiabrasil.com\/?product=associado-institucional-premium","og_locale":"pt_BR","og_type":"article","og_title":"ASSOCIADO INSTITUCIONAL PREMIUM (at\u00e9 300 conex\u00f5es) - Radio Buti\u00e1 Brasil","og_description":"Para centros educativos p\u00fablicos e privados, escolas, espa\u00e7os recreativos, hospitais, universidades, bibliotecas e centros culturais que tenham seu trabalho dirigido \u00e0 inf\u00e2ncia.  Podem acessar a todos os conte\u00fados da R\u00e1dio Buti\u00e1 por um custo anual sem contrato e sem obriga\u00e7\u00e3o de continuidade.  Pago via Paypal U$165 (por onde deve vincular seu cart\u00e3o criando um usu\u00e1rio no www.paypal.com). Com essa assinatura poder\u00e1 conectar at\u00e9 300 ouvintes, sejam as crian\u00e7as ou qualquer integrante da comunidade ou institui\u00e7\u00e3o associada. Depois de fazer-se S\u00f3cio Colaborador Institucional Premium, receber\u00e1 um email com o cupom de desconto para registrar at\u00e9 300 usu\u00e1rios gr\u00e1tis.","og_url":"https:\/\/radiobutiabrasil.com\/?product=associado-institucional-premium","og_site_name":"Radio Buti\u00e1 Brasil","article_modified_time":"2019-06-24T12:08:05+00:00","og_image":[{"width":1950,"height":500,"url":"https:\/\/radiobutiabrasil.com\/wp-content\/uploads\/2019\/06\/back5.jpg","type":"image\/jpeg"}],"twitter_card":"summary_large_image","schema":{"@context":"https:\/\/schema.org","@graph":[{"@type":"WebPage","@id":"https:\/\/radiobutiabrasil.com\/?product=associado-institucional-premium","url":"https:\/\/radiobutiabrasil.com\/?product=associado-institucional-premium","name":"ASSOCIADO INSTITUCIONAL PREMIUM (at\u00e9 300 conex\u00f5es) - Radio Buti\u00e1 Brasil","isPartOf":{"@id":"https:\/\/radiobutiabrasil.com\/#website"},"primaryImageOfPage":{"@id":"https:\/\/radiobutiabrasil.com\/?product=associado-institucional-premium#primaryimage"},"image":{"@id":"https:\/\/radiobutiabrasil.com\/?product=associado-institucional-premium#primaryimage"},"thumbnailUrl":"https:\/\/radiobutiabrasil.com\/wp-content\/uploads\/2019\/06\/back5.jpg","datePublished":"2019-06-22T12:30:36+00:00","dateModified":"2019-06-24T12:08:05+00:00","breadcrumb":{"@id":"https:\/\/radiobutiabrasil.com\/?product=associado-institucional-premium#breadcrumb"},"inLanguage":"pt-BR","potentialAction":[{"@type":"ReadAction","target":["https:\/\/radiobutiabrasil.com\/?product=associado-institucional-premium"]}]},{"@type":"ImageObject","inLanguage":"pt-BR","@id":"https:\/\/radiobutiabrasil.com\/?product=associado-institucional-premium#primaryimage","url":"https:\/\/radiobutiabrasil.com\/wp-content\/uploads\/2019\/06\/back5.jpg","contentUrl":"https:\/\/radiobutiabrasil.com\/wp-content\/uploads\/2019\/06\/back5.jpg","width":1950,"height":500},{"@type":"BreadcrumbList","@id":"https:\/\/radiobutiabrasil.com\/?product=associado-institucional-premium#breadcrumb","itemListElement":[{"@type":"ListItem","position":1,"name":"Portada","item":"https:\/\/radiobutiabrasil.com\/"},{"@type":"ListItem","position":2,"name":"ASSOCIADO INSTITUCIONAL PREMIUM (at\u00e9 300 conex\u00f5es)"}]},{"@type":"WebSite","@id":"https:\/\/radiobutiabrasil.com\/#website","url":"https:\/\/radiobutiabrasil.com\/","name":"Radio Buti\u00e1 Brasil","description":"a boa m\u00fasica pra toda a vida","potentialAction":[{"@type":"SearchAction","target":{"@type":"EntryPoint","urlTemplate":"https:\/\/radiobutiabrasil.com\/?s={search_term_string}"},"query-input":{"@type":"PropertyValueSpecification","valueRequired":true,"valueName":"search_term_string"}}],"inLanguage":"pt-BR"}]}},"uagb_featured_image_src":{"full":["https:\/\/radiobutiabrasil.com\/wp-content\/uploads\/2019\/06\/back5.jpg",1950,500,false],"thumbnail":["https:\/\/radiobutiabrasil.com\/wp-content\/uploads\/2019\/06\/back5-150x150.jpg",150,150,true],"medium":["https:\/\/radiobutiabrasil.com\/wp-content\/uploads\/2019\/06\/back5-300x77.jpg",300,77,true],"medium_large":["https:\/\/radiobutiabrasil.com\/wp-content\/uploads\/2019\/06\/back5-768x197.jpg",768,197,true],"large":["https:\/\/radiobutiabrasil.com\/wp-content\/uploads\/2019\/06\/back5-1024x263.jpg",980,252,true],"1536x1536":["https:\/\/radiobutiabrasil.com\/wp-content\/uploads\/2019\/06\/back5.jpg",1536,394,false],"2048x2048":["https:\/\/radiobutiabrasil.com\/wp-content\/uploads\/2019\/06\/back5.jpg",1950,500,false],"woocommerce_thumbnail":["https:\/\/radiobutiabrasil.com\/wp-content\/uploads\/2019\/06\/back5-324x324.jpg",324,324,true],"woocommerce_single":["https:\/\/radiobutiabrasil.com\/wp-content\/uploads\/2019\/06\/back5-416x107.jpg",416,107,true],"woocommerce_gallery_thumbnail":["https:\/\/radiobutiabrasil.com\/wp-content\/uploads\/2019\/06\/back5-100x100.jpg",100,100,true]},"uagb_author_info":{"display_name":"Radio Butia Brasil","author_link":"https:\/\/radiobutiabrasil.com\/?author=0"},"uagb_comment_info":0,"uagb_excerpt":"Para centros educativos p\u00fablicos e privados, escolas, espa\u00e7os recreativos, hospitais, universidades, bibliotecas e centros culturais que tenham seu trabalho dirigido \u00e0 inf\u00e2ncia. Podem acessar a todos os conte\u00fados da R\u00e1dio Buti\u00e1 por um custo anual sem contrato e sem obriga\u00e7\u00e3o de continuidade. Pago via Paypal U$165 (por onde deve vincular seu cart\u00e3o criando um usu\u00e1rio&hellip;","_links":{"self":[{"href":"https:\/\/radiobutiabrasil.com\/index.php?rest_route=\/wp\/v2\/product\/477","targetHints":{"allow":["GET"]}}],"collection":[{"href":"https:\/\/radiobutiabrasil.com\/index.php?rest_route=\/wp\/v2\/product"}],"about":[{"href":"https:\/\/radiobutiabrasil.com\/index.php?rest_route=\/wp\/v2\/types\/product"}],"replies":[{"embeddable":true,"href":"https:\/\/radiobutiabrasil.com\/index.php?rest_route=%2Fwp%2Fv2%2Fcomments&post=477"}],"wp:featuredmedia":[{"embeddable":true,"href":"https:\/\/radiobutiabrasil.com\/index.php?rest_route=\/wp\/v2\/media\/78"}],"wp:attachment":[{"href":"https:\/\/radiobutiabrasil.com\/index.php?rest_route=%2Fwp%2Fv2%2Fmedia&parent=477"}],"wp:term":[{"taxonomy":"product_cat","embeddable":true,"href":"https:\/\/radiobutiabrasil.com\/index.php?rest_route=%2Fwp%2Fv2%2Fproduct_cat&post=477"},{"taxonomy":"product_tag","embeddable":true,"href":"https:\/\/radiobutiabrasil.com\/index.php?rest_route=%2Fwp%2Fv2%2Fproduct_tag&post=477"}],"curies":[{"name":"wp","href":"https:\/\/api.w.org\/{rel}","templated":true}]}}